{"id":91,"date":"2013-03-16T15:59:33","date_gmt":"2013-03-16T15:59:33","guid":{"rendered":"http:\/\/www.gaffelkonst.com\/?page_id=91"},"modified":"2014-03-27T14:14:32","modified_gmt":"2014-03-27T14:14:32","slug":"material","status":"publish","type":"page","link":"https:\/\/www.gaffelkonst.com\/?page_id=91","title":{"rendered":"Material"},"content":{"rendered":"<p><a href=\"http:\/\/www.gaffelkonst.com\/wp-content\/uploads\/2013\/03\/material.jpg\"><img loading=\"lazy\" class=\"aligncenter size-full wp-image-312\" alt=\"material\" src=\"https:\/\/www.gaffelkonst.com\/wp-content\/uploads\/2013\/03\/material.jpg\" width=\"963\" height=\"350\" srcset=\"https:\/\/www.gaffelkonst.com\/wp-content\/uploads\/2013\/03\/material.jpg 963w, https:\/\/www.gaffelkonst.com\/wp-content\/uploads\/2013\/03\/material-300x109.jpg 300w\" sizes=\"(max-width: 963px) 100vw, 963px\" \/><\/a>De bestick jag anv\u00e4nder i min tillverkning \u00e4r antingen gjorda av \u00e4kta st\u00e4mplat silver eller i silverpl\u00e4terat.<\/p>\n<p>Silver:<\/p>\n<ul>\n<li>Bestick i \u00e4kta silver f\u00f6rekommer i olika silverhalter. Det allra vanligaste \u00e4r 830 silver sk. verksilver. Det best\u00e5r av 83% silver och 17% huvudsakligen koppar. Det f\u00f6rekommer \u00e4ven bestick i 925 silver sk. sterling silver. Det \u00e4r n\u00e5got mjukare legering som \u00e4r mer k\u00e4nslig f\u00f6r repor och bucklor.<\/li>\n<\/ul>\n<p>Silverpl\u00e4terat:<\/p>\n<ul>\n<li>Silverpl\u00e4terade bestick best\u00e5r av en stomme i en m\u00e4ssingsliknande legering. De \u00e4r alltid f\u00f6rsilvrade med en tjock nickelfri silveryta.<\/li>\n<\/ul>\n","protected":false},"excerpt":{"rendered":"<p>De bestick jag anv\u00e4nder i min tillverkning \u00e4r antingen gjorda av \u00e4kta st\u00e4mplat silver eller i silverpl\u00e4terat. Silver: Bestick i \u00e4kta silver f\u00f6rekommer i olika silverhalter. Det allra vanligaste \u00e4r &hellip;<\/p>\n","protected":false},"author":1,"featured_media":0,"parent":0,"menu_order":3,"comment_status":"closed","ping_status":"closed","template":"fullwidth.php","meta":[],"_links":{"self":[{"href":"https:\/\/www.gaffelkonst.com\/index.php?rest_route=\/wp\/v2\/pages\/91"}],"collection":[{"href":"https:\/\/www.gaffelkonst.com\/index.php?rest_route=\/wp\/v2\/pages"}],"about":[{"href":"https:\/\/www.gaffelkonst.com\/index.php?rest_route=\/wp\/v2\/types\/page"}],"author":[{"embeddable":true,"href":"https:\/\/www.gaffelkonst.com\/index.php?rest_route=\/wp\/v2\/users\/1"}],"replies":[{"embeddable":true,"href":"https:\/\/www.gaffelkonst.com\/index.php?rest_route=%2Fwp%2Fv2%2Fcomments&post=91"}],"version-history":[{"count":12,"href":"https:\/\/www.gaffelkonst.com\/index.php?rest_route=\/wp\/v2\/pages\/91\/revisions"}],"predecessor-version":[{"id":393,"href":"https:\/\/www.gaffelkonst.com\/index.php?rest_route=\/wp\/v2\/pages\/91\/revisions\/393"}],"wp:attachment":[{"href":"https:\/\/www.gaffelkonst.com\/index.php?rest_route=%2Fwp%2Fv2%2Fmedia&parent=91"}],"curies":[{"name":"wp","href":"https:\/\/api.w.org\/{rel}","templated":true}]}}