{"id":6,"date":"2013-03-15T20:18:03","date_gmt":"2013-03-15T20:18:03","guid":{"rendered":"http:\/\/www.gaffelkonst.com\/?page_id=6"},"modified":"2023-09-04T13:29:33","modified_gmt":"2023-09-04T11:29:33","slug":"aterforsaljare","status":"publish","type":"page","link":"https:\/\/www.gaffelkonst.com\/?page_id=6","title":{"rendered":"\u00c5terf\u00f6rs\u00e4ljare och evenemang"},"content":{"rendered":"<p><a href=\"http:\/\/www.gaffelkonst.com\/wp-content\/uploads\/2013\/03\/evenemang.jpg\"><img loading=\"lazy\" class=\"aligncenter size-full wp-image-315\" src=\"https:\/\/www.gaffelkonst.com\/wp-content\/uploads\/2013\/03\/evenemang.jpg\" alt=\"evenemang\" width=\"963\" height=\"350\" srcset=\"https:\/\/www.gaffelkonst.com\/wp-content\/uploads\/2013\/03\/evenemang.jpg 963w, https:\/\/www.gaffelkonst.com\/wp-content\/uploads\/2013\/03\/evenemang-300x109.jpg 300w\" sizes=\"(max-width: 963px) 100vw, 963px\" \/><\/a><\/p>\n<h3><strong>\u00c5terf\u00f6rs\u00e4ljare<\/strong><\/h3>\n<p>Min egen butik &amp; atelj\u00e9 GAFFELKONST som ligger p\u00e5 \u00d6sterl\u00e5nggatan 35 i Gamla stan Stockholm d\u00e4r jag tillverkar alla mina alster. Jag har varierande \u00f6ppettider och oftast \u00f6ppet alla dagar utom s\u00f6ndag. Ring p\u00e5 d\u00f6rrklockan om jag inte \u00e4r i butiken s\u00e5 kommer jag och \u00f6ppnar. D\u00e5 sitter jag i verkstaden och skapar nya alster. V\u00e4lkommen.<\/p>\n<p>V\u00e4lkommen! Vi fyller p\u00e5 med nya smycken och andra sk\u00f6na ting varje vecka.<\/p>\n<h3><strong>Evenemang\u00a0<\/strong><\/h3>\n<p>Inga evenemang \u00e4r inplanerade just nu.<\/p>\n","protected":false},"excerpt":{"rendered":"<p>\u00c5terf\u00f6rs\u00e4ljare Min egen butik &amp; atelj\u00e9 GAFFELKONST som ligger p\u00e5 \u00d6sterl\u00e5nggatan 35 i Gamla stan Stockholm d\u00e4r jag tillverkar alla mina alster. Jag har varierande \u00f6ppettider och oftast \u00f6ppet alla &hellip;<\/p>\n","protected":false},"author":1,"featured_media":0,"parent":0,"menu_order":0,"comment_status":"closed","ping_status":"closed","template":"fullwidth.php","meta":[],"_links":{"self":[{"href":"https:\/\/www.gaffelkonst.com\/index.php?rest_route=\/wp\/v2\/pages\/6"}],"collection":[{"href":"https:\/\/www.gaffelkonst.com\/index.php?rest_route=\/wp\/v2\/pages"}],"about":[{"href":"https:\/\/www.gaffelkonst.com\/index.php?rest_route=\/wp\/v2\/types\/page"}],"author":[{"embeddable":true,"href":"https:\/\/www.gaffelkonst.com\/index.php?rest_route=\/wp\/v2\/users\/1"}],"replies":[{"embeddable":true,"href":"https:\/\/www.gaffelkonst.com\/index.php?rest_route=%2Fwp%2Fv2%2Fcomments&post=6"}],"version-history":[{"count":34,"href":"https:\/\/www.gaffelkonst.com\/index.php?rest_route=\/wp\/v2\/pages\/6\/revisions"}],"predecessor-version":[{"id":571,"href":"https:\/\/www.gaffelkonst.com\/index.php?rest_route=\/wp\/v2\/pages\/6\/revisions\/571"}],"wp:attachment":[{"href":"https:\/\/www.gaffelkonst.com\/index.php?rest_route=%2Fwp%2Fv2%2Fmedia&parent=6"}],"curies":[{"name":"wp","href":"https:\/\/api.w.org\/{rel}","templated":true}]}}